{"id":74,"date":"2022-09-30T22:50:04","date_gmt":"2022-09-30T21:50:04","guid":{"rendered":"https:\/\/holzwebseite.at\/?page_id=74"},"modified":"2022-09-30T23:09:06","modified_gmt":"2022-09-30T22:09:06","slug":"danke","status":"publish","type":"page","link":"https:\/\/holzwebseite.at\/?page_id=74","title":{"rendered":"Danke"},"content":{"rendered":"\n<h2>\n\t\tDanke an\n\t<\/h2>\n\t\t\t\t<a href=\"https:\/\/www.happylab.at\" target=\"_blank\" rel=\"noopener\" itemprop=\"url\">\n\t\t\t\t<img loading=\"lazy\" src=\"https:\/\/holzwebseite.at\/wp-content\/uploads\/2022\/09\/HL_LOGO_transparent.png\" alt=\"HL_LOGO_transparent\" itemprop=\"image\" height=\"596\" width=\"1391\" title=\"HL_LOGO_transparent\" onerror=\"this.style.display='none'\"  \/>\n\t\t\t\t<\/a>\n\tHappylab.<br \/>\nEs w\u00e4re unm\u00f6glich so ein Projekt ohne einem Makerspace wie dem Happylab, dessen Ausr\u00fcstung und vorallem dem tollen, hilfsbereiten Team, auch nur anzudenken. Danke f\u00fcr die Geduld, Hilfe und die Flexibilit\u00e4t!\n\t\t\t\t<a href=\"https:\/\/www.wwf.at\/superpower\/\" target=\"_blank\" rel=\"noopener\" itemprop=\"url\">\n\t\t\t\t<img loading=\"lazy\" src=\"https:\/\/holzwebseite.at\/wp-content\/uploads\/2022\/09\/WWF_Logo_frame.png\" alt=\"WWF_Logo_frame\" itemprop=\"image\" height=\"528\" width=\"400\" title=\"WWF_Logo_frame\" onerror=\"this.style.display='none'\"  \/>\n\t\t\t\t<\/a>\n\tWWF.<br \/>\nOhne dem Vorschussvertrauen w\u00e4re ich nicht zu dieser Erfahrung gekommen. Eine Problemlose Zusammenarbeit und gemeinsame Ideenfindung waren die Basis f\u00fcr dieses Projekt.\n\tWolfgang<br \/>\nZust\u00e4ndig f\u00fcr das wunderbare Design der beklebten Fl\u00e4chen, hat er dem ganzen erst die n\u00f6tige Ausstrahlung gegeben.\n\t\t\t\t<a href=\"https:\/\/craftline.at\/\" target=\"_blank\" rel=\"noopener\" itemprop=\"url\">\n\t\t\t\t<img loading=\"lazy\" src=\"https:\/\/holzwebseite.at\/wp-content\/uploads\/2022\/09\/craftline-logo.png\" alt=\"craftline-logo\" itemprop=\"image\" height=\"208\" width=\"477\" title=\"craftline-logo\" onerror=\"this.style.display='none'\"  \/>\n\t\t\t\t<\/a>\n\tCraftline<br \/>\nEs macht Freude, Profis bei der Arbeit zu beobachten&#8230; Was n\u00fctzt die sch\u00f6nste Grafik, wenn ICH sie aufgeklebt h\u00e4tte \ud83d\ude42 Gro\u00dfartige Qualit\u00e4t und mit Begeisterung bei der Sache.\n\n","protected":false},"excerpt":{"rendered":"<p>Danke an Happylab. Es w\u00e4re unm\u00f6glich so ein Projekt ohne einem Makerspace wie dem Happylab, dessen Ausr\u00fcstung und vorallem dem tollen, hilfsbereiten Team, auch nur anzudenken. Danke f\u00fcr die Geduld, Hilfe und die Flexibilit\u00e4t! WWF. Ohne dem Vorschussvertrauen w\u00e4re ich nicht zu dieser Erfahrung gekommen. Eine Problemlose Zusammenarbeit und gemeinsame Ideenfindung waren die Basis f\u00fcr&hellip;<\/p>\n","protected":false},"author":1,"featured_media":0,"parent":0,"menu_order":0,"comment_status":"closed","ping_status":"closed","template":"","meta":[],"acf":[],"_links":{"self":[{"href":"https:\/\/holzwebseite.at\/index.php?rest_route=\/wp\/v2\/pages\/74"}],"collection":[{"href":"https:\/\/holzwebseite.at\/index.php?rest_route=\/wp\/v2\/pages"}],"about":[{"href":"https:\/\/holzwebseite.at\/index.php?rest_route=\/wp\/v2\/types\/page"}],"author":[{"embeddable":true,"href":"https:\/\/holzwebseite.at\/index.php?rest_route=\/wp\/v2\/users\/1"}],"replies":[{"embeddable":true,"href":"https:\/\/holzwebseite.at\/index.php?rest_route=%2Fwp%2Fv2%2Fcomments&post=74"}],"version-history":[{"count":3,"href":"https:\/\/holzwebseite.at\/index.php?rest_route=\/wp\/v2\/pages\/74\/revisions"}],"predecessor-version":[{"id":80,"href":"https:\/\/holzwebseite.at\/index.php?rest_route=\/wp\/v2\/pages\/74\/revisions\/80"}],"wp:attachment":[{"href":"https:\/\/holzwebseite.at\/index.php?rest_route=%2Fwp%2Fv2%2Fmedia&parent=74"}],"curies":[{"name":"wp","href":"https:\/\/api.w.org\/{rel}","templated":true}]}}